{"id":8005,"date":"2025-07-04T07:57:59","date_gmt":"2025-07-04T07:57:59","guid":{"rendered":"https:\/\/vrtic-tici-vrsar.hr\/2024\/?page_id=8005"},"modified":"2025-07-14T07:27:15","modified_gmt":"2025-07-14T07:27:15","slug":"ljetni-rad","status":"publish","type":"page","link":"https:\/\/vrtic-tici-vrsar.hr\/2024\/ljetni-rad\/","title":{"rendered":"Ljetni rad"},"content":{"rendered":"\t\t<div data-elementor-type=\"wp-page\" data-elementor-id=\"8005\" class=\"elementor elementor-8005\" data-elementor-post-type=\"page\">\n\t\t\t\t<div class=\"elementor-element elementor-element-4ddeb116 e-flex e-con-boxed e-con e-parent\" data-id=\"4ddeb116\" data-element_type=\"container\">\n\t\t\t\t\t<div class=\"e-con-inner\">\n\t\t\t\t<div class=\"elementor-element elementor-element-65deed87 elementor-widget elementor-widget-text-editor\" data-id=\"65deed87\" data-element_type=\"widget\" data-widget_type=\"text-editor.default\">\n\t\t\t\t<div class=\"elementor-widget-container\">\n\t\t\t<style>\/*! elementor - v3.21.0 - 15-04-2024 *\/\n.elementor-widget-text-editor.elementor-drop-cap-view-stacked .elementor-drop-cap{background-color:#69727d;color:#fff}.elementor-widget-text-editor.elementor-drop-cap-view-framed .elementor-drop-cap{color:#69727d;border:3px solid;background-color:transparent}.elementor-widget-text-editor:not(.elementor-drop-cap-view-default) .elementor-drop-cap{margin-top:8px}.elementor-widget-text-editor:not(.elementor-drop-cap-view-default) .elementor-drop-cap-letter{width:1em;height:1em}.elementor-widget-text-editor .elementor-drop-cap{float:left;text-align:center;line-height:1;font-size:50px}.elementor-widget-text-editor .elementor-drop-cap-letter{display:inline-block}<\/style>\t\t\t\t<!-- wp:query -->\n<div class=\"wp-block-query\"><\/div>\n<!-- \/wp:query -->\n\n<!-- wp:query -->\n<div class=\"wp-block-query\"><\/div>\n<!-- \/wp:query -->\t\t\t\t\t\t<\/div>\n\t\t\t\t<\/div>\n\t\t\t\t\t<\/div>\n\t\t\t\t<\/div>\n\t\t<div class=\"elementor-element elementor-element-b5f03bf e-flex e-con-boxed e-con e-parent\" data-id=\"b5f03bf\" data-element_type=\"container\">\n\t\t\t\t\t<div class=\"e-con-inner\">\n\t\t\t\t<div class=\"elementor-element elementor-element-3ab8444 elementor-grid-1 elementor-grid-tablet-2 elementor-grid-mobile-1 elementor-posts--thumbnail-top elementor-widget elementor-widget-posts\" data-id=\"3ab8444\" data-element_type=\"widget\" data-settings=\"{&quot;classic_columns&quot;:&quot;1&quot;,&quot;classic_columns_tablet&quot;:&quot;2&quot;,&quot;classic_columns_mobile&quot;:&quot;1&quot;,&quot;classic_row_gap&quot;:{&quot;unit&quot;:&quot;px&quot;,&quot;size&quot;:35,&quot;sizes&quot;:[]},&quot;classic_row_gap_tablet&quot;:{&quot;unit&quot;:&quot;px&quot;,&quot;size&quot;:&quot;&quot;,&quot;sizes&quot;:[]},&quot;classic_row_gap_mobile&quot;:{&quot;unit&quot;:&quot;px&quot;,&quot;size&quot;:&quot;&quot;,&quot;sizes&quot;:[]}}\" data-widget_type=\"posts.classic\">\n\t\t\t\t<div class=\"elementor-widget-container\">\n\t\t\t<link rel=\"stylesheet\" href=\"https:\/\/vrtic-tici-vrsar.hr\/2024\/wp-content\/plugins\/elementor-pro\/assets\/css\/widget-posts.min.css\">\t\t<div class=\"elementor-posts-container elementor-posts elementor-posts--skin-classic elementor-grid\">\n\t\t\t\t<article class=\"elementor-post elementor-grid-item post-8454 post type-post status-publish format-standard hentry category-ljetni-rad\">\n\t\t\t\t<div class=\"elementor-post__text\">\n\t\t\t\t<h3 class=\"elementor-post__title\">\n\t\t\t<a href=\"https:\/\/vrtic-tici-vrsar.hr\/2024\/kolovoz-u-sjenicama\/\" >\n\t\t\t\tKolovoz u Sjenicama\t\t\t<\/a>\n\t\t<\/h3>\n\t\t\t\t<div class=\"elementor-post__meta-data\">\n\t\t\t\t\t<span class=\"elementor-post-date\">\n\t\t\t3 rujna, 2025\t\t<\/span>\n\t\t\t\t<span class=\"elementor-post-avatar\">\n\t\t\tNema komentara\t\t<\/span>\n\t\t\t\t<\/div>\n\t\t\t\t<div class=\"elementor-post__excerpt\">\n\t\t\t<p>Kolovoz u Sjenicama Unato\u010d vru\u0107ini i vrlo izazovnom periodu u godini, Sjenice su pune energije, interesa i zanimanja pristupali svakom ponu\u0111enom poticaju i sudjelovali u<\/p>\n\t\t<\/div>\n\t\t\n\t\t<a class=\"elementor-post__read-more\" href=\"https:\/\/vrtic-tici-vrsar.hr\/2024\/kolovoz-u-sjenicama\/\" aria-label=\"Read more about Kolovoz u Sjenicama\" tabindex=\"-1\" >\n\t\t\tRead More \u00bb\t\t<\/a>\n\n\t\t\t\t<\/div>\n\t\t\t\t<\/article>\n\t\t\t\t<article class=\"elementor-post elementor-grid-item post-8440 post type-post status-publish format-standard hentry category-ljetni-rad\">\n\t\t\t\t<div class=\"elementor-post__text\">\n\t\t\t\t<h3 class=\"elementor-post__title\">\n\t\t\t<a href=\"https:\/\/vrtic-tici-vrsar.hr\/2024\/kolovoz-u-vrapcicima\/\" >\n\t\t\t\tKolovoz u Vrap\u010di\u0107ima\t\t\t<\/a>\n\t\t<\/h3>\n\t\t\t\t<div class=\"elementor-post__meta-data\">\n\t\t\t\t\t<span class=\"elementor-post-date\">\n\t\t\t2 rujna, 2025\t\t<\/span>\n\t\t\t\t<span class=\"elementor-post-avatar\">\n\t\t\tNema komentara\t\t<\/span>\n\t\t\t\t<\/div>\n\t\t\t\t<div class=\"elementor-post__excerpt\">\n\t\t\t<p>Kolovoz u Vrap\u010di\u0107ima Pozdravljamo Kolovoz i radujemo se Rujnu \ud83d\ude42<\/p>\n\t\t<\/div>\n\t\t\n\t\t<a class=\"elementor-post__read-more\" href=\"https:\/\/vrtic-tici-vrsar.hr\/2024\/kolovoz-u-vrapcicima\/\" aria-label=\"Read more about Kolovoz u Vrap\u010di\u0107ima\" tabindex=\"-1\" >\n\t\t\tRead More \u00bb\t\t<\/a>\n\n\t\t\t\t<\/div>\n\t\t\t\t<\/article>\n\t\t\t\t<article class=\"elementor-post elementor-grid-item post-8422 post type-post status-publish format-standard hentry category-ljetni-rad\">\n\t\t\t\t<div class=\"elementor-post__text\">\n\t\t\t\t<h3 class=\"elementor-post__title\">\n\t\t\t<a href=\"https:\/\/vrtic-tici-vrsar.hr\/2024\/kolovoz-u-sojkicama\/\" >\n\t\t\t\tKolovoz u \u0160ojkicama\t\t\t<\/a>\n\t\t<\/h3>\n\t\t\t\t<div class=\"elementor-post__meta-data\">\n\t\t\t\t\t<span class=\"elementor-post-date\">\n\t\t\t2 rujna, 2025\t\t<\/span>\n\t\t\t\t<span class=\"elementor-post-avatar\">\n\t\t\tNema komentara\t\t<\/span>\n\t\t\t\t<\/div>\n\t\t\t\t<div class=\"elementor-post__excerpt\">\n\t\t\t<p>Kolovoz u \u0160ojkicama Zadnji tjedan ljetnog rada u skupini&#8221;\u0160ojkice&#8221; protekao je u zabavnom,veselom i toplom ozra\u010dju.Obilje\u017eili smo kraj jednog va\u017enog razdoblja u kojem su djeca<\/p>\n\t\t<\/div>\n\t\t\n\t\t<a class=\"elementor-post__read-more\" href=\"https:\/\/vrtic-tici-vrsar.hr\/2024\/kolovoz-u-sojkicama\/\" aria-label=\"Read more about Kolovoz u \u0160ojkicama\" tabindex=\"-1\" >\n\t\t\tRead More \u00bb\t\t<\/a>\n\n\t\t\t\t<\/div>\n\t\t\t\t<\/article>\n\t\t\t\t<article class=\"elementor-post elementor-grid-item post-8395 post type-post status-publish format-standard hentry category-ljetni-rad\">\n\t\t\t\t<div class=\"elementor-post__text\">\n\t\t\t\t<h3 class=\"elementor-post__title\">\n\t\t\t<a href=\"https:\/\/vrtic-tici-vrsar.hr\/2024\/kolovoz-u-galebovima-copy\/\" >\n\t\t\t\tKolovoz u Lastavicama\t\t\t<\/a>\n\t\t<\/h3>\n\t\t\t\t<div class=\"elementor-post__meta-data\">\n\t\t\t\t\t<span class=\"elementor-post-date\">\n\t\t\t2 rujna, 2025\t\t<\/span>\n\t\t\t\t<span class=\"elementor-post-avatar\">\n\t\t\tNema komentara\t\t<\/span>\n\t\t\t\t<\/div>\n\t\t\t\t<div class=\"elementor-post__excerpt\">\n\t\t\t<p>Kolovoz u Lastavicama Ljetni rad u na\u0161oj skupini protje\u010de u veseloj atmosferi. Od samog jutra ple\u0161emo uz veselu glazbu, pjevamo i sami, a uz pomo\u0107<\/p>\n\t\t<\/div>\n\t\t\n\t\t<a class=\"elementor-post__read-more\" href=\"https:\/\/vrtic-tici-vrsar.hr\/2024\/kolovoz-u-galebovima-copy\/\" aria-label=\"Read more about Kolovoz u Lastavicama\" tabindex=\"-1\" >\n\t\t\tRead More \u00bb\t\t<\/a>\n\n\t\t\t\t<\/div>\n\t\t\t\t<\/article>\n\t\t\t\t<article class=\"elementor-post elementor-grid-item post-8298 post type-post status-publish format-standard has-post-thumbnail hentry category-ljetni-rad\">\n\t\t\t\t<a class=\"elementor-post__thumbnail__link\" href=\"https:\/\/vrtic-tici-vrsar.hr\/2024\/kolovoz-u-galebovima\/\" tabindex=\"-1\" >\n\t\t\t<div class=\"elementor-post__thumbnail\"><img fetchpriority=\"high\" decoding=\"async\" width=\"225\" height=\"300\" src=\"https:\/\/vrtic-tici-vrsar.hr\/2024\/wp-content\/uploads\/2025\/08\/f33b11ef-335a-44ec-a410-ec7730f4b1b6-225x300.jpg\" class=\"attachment-medium size-medium wp-image-8317\" alt=\"\" srcset=\"https:\/\/vrtic-tici-vrsar.hr\/2024\/wp-content\/uploads\/2025\/08\/f33b11ef-335a-44ec-a410-ec7730f4b1b6-225x300.jpg 225w, https:\/\/vrtic-tici-vrsar.hr\/2024\/wp-content\/uploads\/2025\/08\/f33b11ef-335a-44ec-a410-ec7730f4b1b6-768x1024.jpg 768w, https:\/\/vrtic-tici-vrsar.hr\/2024\/wp-content\/uploads\/2025\/08\/f33b11ef-335a-44ec-a410-ec7730f4b1b6.jpg 900w\" sizes=\"(max-width: 225px) 100vw, 225px\" \/><\/div>\n\t\t<\/a>\n\t\t\t\t<div class=\"elementor-post__text\">\n\t\t\t\t<h3 class=\"elementor-post__title\">\n\t\t\t<a href=\"https:\/\/vrtic-tici-vrsar.hr\/2024\/kolovoz-u-galebovima\/\" >\n\t\t\t\tKolovoz u Galebovima\t\t\t<\/a>\n\t\t<\/h3>\n\t\t\t\t<div class=\"elementor-post__meta-data\">\n\t\t\t\t\t<span class=\"elementor-post-date\">\n\t\t\t20 kolovoza, 2025\t\t<\/span>\n\t\t\t\t<span class=\"elementor-post-avatar\">\n\t\t\tNema komentara\t\t<\/span>\n\t\t\t\t<\/div>\n\t\t\t\t<div class=\"elementor-post__excerpt\">\n\t\t\t<p>Kolovoz u Galebovima Mjesec kolovoz smo zapo\u010deli sa na\u0161im novim istra\u017eivanjima. \u00a0 Kroz nove igre, koje smo izradili i osmislili\u00a0usvajamo boje. Pomo\u0107u fine motorbike\u00a0poku\u0161avamo vo\u0107e<\/p>\n\t\t<\/div>\n\t\t\n\t\t<a class=\"elementor-post__read-more\" href=\"https:\/\/vrtic-tici-vrsar.hr\/2024\/kolovoz-u-galebovima\/\" aria-label=\"Read more about Kolovoz u Galebovima\" tabindex=\"-1\" >\n\t\t\tRead More \u00bb\t\t<\/a>\n\n\t\t\t\t<\/div>\n\t\t\t\t<\/article>\n\t\t\t\t<article class=\"elementor-post elementor-grid-item post-8225 post type-post status-publish format-standard has-post-thumbnail hentry category-ljetni-rad\">\n\t\t\t\t<a class=\"elementor-post__thumbnail__link\" href=\"https:\/\/vrtic-tici-vrsar.hr\/2024\/srpanj-u-srakicama\/\" tabindex=\"-1\" >\n\t\t\t<div class=\"elementor-post__thumbnail\"><img decoding=\"async\" width=\"227\" height=\"300\" src=\"https:\/\/vrtic-tici-vrsar.hr\/2024\/wp-content\/uploads\/2025\/07\/1000034251-227x300.jpg\" class=\"attachment-medium size-medium wp-image-8245\" alt=\"\" srcset=\"https:\/\/vrtic-tici-vrsar.hr\/2024\/wp-content\/uploads\/2025\/07\/1000034251-227x300.jpg 227w, https:\/\/vrtic-tici-vrsar.hr\/2024\/wp-content\/uploads\/2025\/07\/1000034251-776x1024.jpg 776w, https:\/\/vrtic-tici-vrsar.hr\/2024\/wp-content\/uploads\/2025\/07\/1000034251-768x1014.jpg 768w, https:\/\/vrtic-tici-vrsar.hr\/2024\/wp-content\/uploads\/2025\/07\/1000034251.jpg 909w\" sizes=\"(max-width: 227px) 100vw, 227px\" \/><\/div>\n\t\t<\/a>\n\t\t\t\t<div class=\"elementor-post__text\">\n\t\t\t\t<h3 class=\"elementor-post__title\">\n\t\t\t<a href=\"https:\/\/vrtic-tici-vrsar.hr\/2024\/srpanj-u-srakicama\/\" >\n\t\t\t\tSrpanj u Srakicama\t\t\t<\/a>\n\t\t<\/h3>\n\t\t\t\t<div class=\"elementor-post__meta-data\">\n\t\t\t\t\t<span class=\"elementor-post-date\">\n\t\t\t31 srpnja, 2025\t\t<\/span>\n\t\t\t\t<span class=\"elementor-post-avatar\">\n\t\t\tNema komentara\t\t<\/span>\n\t\t\t\t<\/div>\n\t\t\t\t<div class=\"elementor-post__excerpt\">\n\t\t\t<p>Srpanj u Srakicama Aktivnosti smo zapo\u010deli zanimljivim do\u010dekom Ribafisha u Funtani u sklopu njegove pliva\u010dke ture Rokpoluotok oko Istre.Dru\u017eenje s Ribafishom uz zabavne pri\u010de o<\/p>\n\t\t<\/div>\n\t\t\n\t\t<a class=\"elementor-post__read-more\" href=\"https:\/\/vrtic-tici-vrsar.hr\/2024\/srpanj-u-srakicama\/\" aria-label=\"Read more about Srpanj u Srakicama\" tabindex=\"-1\" >\n\t\t\tRead More \u00bb\t\t<\/a>\n\n\t\t\t\t<\/div>\n\t\t\t\t<\/article>\n\t\t\t\t<\/div>\n\t\t\n\t\t\t\t<\/div>\n\t\t\t\t<\/div>\n\t\t\t\t\t<\/div>\n\t\t\t\t<\/div>\n\t\t\t\t<\/div>\n\t\t","protected":false},"excerpt":{"rendered":"","protected":false},"author":3,"featured_media":0,"parent":0,"menu_order":0,"comment_status":"closed","ping_status":"closed","template":"","meta":{"iawp_total_views":195,"footnotes":""},"class_list":["post-8005","page","type-page","status-publish","hentry"],"_links":{"self":[{"href":"https:\/\/vrtic-tici-vrsar.hr\/2024\/wp-json\/wp\/v2\/pages\/8005","targetHints":{"allow":["GET"]}}],"collection":[{"href":"https:\/\/vrtic-tici-vrsar.hr\/2024\/wp-json\/wp\/v2\/pages"}],"about":[{"href":"https:\/\/vrtic-tici-vrsar.hr\/2024\/wp-json\/wp\/v2\/types\/page"}],"author":[{"embeddable":true,"href":"https:\/\/vrtic-tici-vrsar.hr\/2024\/wp-json\/wp\/v2\/users\/3"}],"replies":[{"embeddable":true,"href":"https:\/\/vrtic-tici-vrsar.hr\/2024\/wp-json\/wp\/v2\/comments?post=8005"}],"version-history":[{"count":15,"href":"https:\/\/vrtic-tici-vrsar.hr\/2024\/wp-json\/wp\/v2\/pages\/8005\/revisions"}],"predecessor-version":[{"id":8075,"href":"https:\/\/vrtic-tici-vrsar.hr\/2024\/wp-json\/wp\/v2\/pages\/8005\/revisions\/8075"}],"wp:attachment":[{"href":"https:\/\/vrtic-tici-vrsar.hr\/2024\/wp-json\/wp\/v2\/media?parent=8005"}],"curies":[{"name":"wp","href":"https:\/\/api.w.org\/{rel}","templated":true}]}}