{"id":3166,"date":"2024-07-30T10:38:45","date_gmt":"2024-07-30T10:38:45","guid":{"rendered":"https:\/\/vrtic-tici-vrsar.hr\/2024\/?page_id=3166"},"modified":"2026-01-28T09:41:31","modified_gmt":"2026-01-28T09:41:31","slug":"informiranje-javnosti","status":"publish","type":"page","link":"https:\/\/vrtic-tici-vrsar.hr\/2024\/informiranje-javnosti\/","title":{"rendered":"Informiranje javnosti"},"content":{"rendered":"\t\t<div data-elementor-type=\"wp-page\" data-elementor-id=\"3166\" class=\"elementor elementor-3166\" data-elementor-post-type=\"page\">\n\t\t\t\t\t\t<section class=\"elementor-section elementor-top-section elementor-element elementor-element-4c361185 elementor-section-boxed elementor-section-height-default elementor-section-height-default\" data-id=\"4c361185\" data-element_type=\"section\" data-settings=\"{&quot;background_background&quot;:&quot;classic&quot;,&quot;shape_divider_bottom_negative&quot;:&quot;yes&quot;,&quot;shape_divider_top&quot;:&quot;wave-brush&quot;,&quot;shape_divider_bottom&quot;:&quot;clouds&quot;}\">\n\t\t\t\t\t\t\t<div class=\"elementor-background-overlay\"><\/div>\n\t\t\t\t\t\t<div class=\"elementor-shape elementor-shape-top\" data-negative=\"false\">\n\t\t\t<svg xmlns=\"http:\/\/www.w3.org\/2000\/svg\" viewBox=\"0 0 283.5 27.8\" preserveAspectRatio=\"none\">\n\t<path class=\"elementor-shape-fill\" d=\"M283.5,9.7c0,0-7.3,4.3-14,4.6c-6.8,0.3-12.6,0-20.9-1.5c-11.3-2-33.1-10.1-44.7-5.7\ts-12.1,4.6-18,7.4c-6.6,3.2-20,9.6-36.6,9.3C131.6,23.5,99.5,7.2,86.3,8c-1.4,0.1-6.6,0.8-10.5,2c-3.8,1.2-9.4,3.8-17,4.7\tc-3.2,0.4-8.3,1.1-14.2,0.9c-1.5-0.1-6.3-0.4-12-1.6c-5.7-1.2-11-3.1-15.8-3.7C6.5,9.2,0,10.8,0,10.8V0h283.5V9.7z M260.8,11.3\tc-0.7-1-2-0.4-4.3-0.4c-2.3,0-6.1-1.2-5.8-1.1c0.3,0.1,3.1,1.5,6,1.9C259.7,12.2,261.4,12.3,260.8,11.3z M242.4,8.6\tc0,0-2.4-0.2-5.6-0.9c-3.2-0.8-10.3-2.8-15.1-3.5c-8.2-1.1-15.8,0-15.1,0.1c0.8,0.1,9.6-0.6,17.6,1.1c3.3,0.7,9.3,2.2,12.4,2.7\tC239.9,8.7,242.4,8.6,242.4,8.6z M185.2,8.5c1.7-0.7-13.3,4.7-18.5,6.1c-2.1,0.6-6.2,1.6-10,2c-3.9,0.4-8.9,0.4-8.8,0.5\tc0,0.2,5.8,0.8,11.2,0c5.4-0.8,5.2-1.1,7.6-1.6C170.5,14.7,183.5,9.2,185.2,8.5z M199.1,6.9c0.2,0-0.8-0.4-4.8,1.1\tc-4,1.5-6.7,3.5-6.9,3.7c-0.2,0.1,3.5-1.8,6.6-3C197,7.5,199,6.9,199.1,6.9z M283,6c-0.1,0.1-1.9,1.1-4.8,2.5s-6.9,2.8-6.7,2.7\tc0.2,0,3.5-0.6,7.4-2.5C282.8,6.8,283.1,5.9,283,6z M31.3,11.6c0.1-0.2-1.9-0.2-4.5-1.2s-5.4-1.6-7.8-2C15,7.6,7.3,8.5,7.7,8.6\tC8,8.7,15.9,8.3,20.2,9.3c2.2,0.5,2.4,0.5,5.7,1.6S31.2,11.9,31.3,11.6z M73,9.2c0.4-0.1,3.5-1.6,8.4-2.6c4.9-1.1,8.9-0.5,8.9-0.8\tc0-0.3-1-0.9-6.2-0.3S72.6,9.3,73,9.2z M71.6,6.7C71.8,6.8,75,5.4,77.3,5c2.3-0.3,1.9-0.5,1.9-0.6c0-0.1-1.1-0.2-2.7,0.2\tC74.8,5.1,71.4,6.6,71.6,6.7z M93.6,4.4c0.1,0.2,3.5,0.8,5.6,1.8c2.1,1,1.8,0.6,1.9,0.5c0.1-0.1-0.8-0.8-2.4-1.3\tC97.1,4.8,93.5,4.2,93.6,4.4z M65.4,11.1c-0.1,0.3,0.3,0.5,1.9-0.2s2.6-1.3,2.2-1.2s-0.9,0.4-2.5,0.8C65.3,10.9,65.5,10.8,65.4,11.1\tz M34.5,12.4c-0.2,0,2.1,0.8,3.3,0.9c1.2,0.1,2,0.1,2-0.2c0-0.3-0.1-0.5-1.6-0.4C36.6,12.8,34.7,12.4,34.5,12.4z M152.2,21.1\tc-0.1,0.1-2.4-0.3-7.5-0.3c-5,0-13.6-2.4-17.2-3.5c-3.6-1.1,10,3.9,16.5,4.1C150.5,21.6,152.3,21,152.2,21.1z\"\/>\n\t<path class=\"elementor-shape-fill\" d=\"M269.6,18c-0.1-0.1-4.6,0.3-7.2,0c-7.3-0.7-17-3.2-16.6-2.9c0.4,0.3,13.7,3.1,17,3.3\tC267.7,18.8,269.7,18,269.6,18z\"\/>\n\t<path class=\"elementor-shape-fill\" d=\"M227.4,9.8c-0.2-0.1-4.5-1-9.5-1.2c-5-0.2-12.7,0.6-12.3,0.5c0.3-0.1,5.9-1.8,13.3-1.2\tS227.6,9.9,227.4,9.8z\"\/>\n\t<path class=\"elementor-shape-fill\" d=\"M204.5,13.4c-0.1-0.1,2-1,3.2-1.1c1.2-0.1,2,0,2,0.3c0,0.3-0.1,0.5-1.6,0.4\tC206.4,12.9,204.6,13.5,204.5,13.4z\"\/>\n\t<path class=\"elementor-shape-fill\" d=\"M201,10.6c0-0.1-4.4,1.2-6.3,2.2c-1.9,0.9-6.2,3.1-6.1,3.1c0.1,0.1,4.2-1.6,6.3-2.6\tS201,10.7,201,10.6z\"\/>\n\t<path class=\"elementor-shape-fill\" d=\"M154.5,26.7c-0.1-0.1-4.6,0.3-7.2,0c-7.3-0.7-17-3.2-16.6-2.9c0.4,0.3,13.7,3.1,17,3.3\tC152.6,27.5,154.6,26.8,154.5,26.7z\"\/>\n\t<path class=\"elementor-shape-fill\" d=\"M41.9,19.3c0,0,1.2-0.3,2.9-0.1c1.7,0.2,5.8,0.9,8.2,0.7c4.2-0.4,7.4-2.7,7-2.6\tc-0.4,0-4.3,2.2-8.6,1.9c-1.8-0.1-5.1-0.5-6.7-0.4S41.9,19.3,41.9,19.3z\"\/>\n\t<path class=\"elementor-shape-fill\" d=\"M75.5,12.6c0.2,0.1,2-0.8,4.3-1.1c2.3-0.2,2.1-0.3,2.1-0.5c0-0.1-1.8-0.4-3.4,0\tC76.9,11.5,75.3,12.5,75.5,12.6z\"\/>\n\t<path class=\"elementor-shape-fill\" d=\"M15.6,13.2c0-0.1,4.3,0,6.7,0.5c2.4,0.5,5,1.9,5,2c0,0.1-2.7-0.8-5.1-1.4\tC19.9,13.7,15.7,13.3,15.6,13.2z\"\/>\n<\/svg>\t\t<\/div>\n\t\t\t\t<div class=\"elementor-shape elementor-shape-bottom\" data-negative=\"true\">\n\t\t\t<svg xmlns=\"http:\/\/www.w3.org\/2000\/svg\" viewBox=\"0 0 283.5 27.8\" preserveAspectRatio=\"xMidYMax slice\">\n\t<path class=\"elementor-shape-fill\" d=\"M265.8 3.5c-10.9 0-15.9 6.2-15.9 6.2s-3.6-3.5-9.2-.9c-9.1 4.1-4.4 13.4-4.4 13.4s-1.2.2-1.9.9c-.6.7-.5 1.9-.5 1.9s-1-.5-2.3-.2c-1.3.3-1.6 1.4-1.6 1.4s.4-3.4-1.5-5c-3.9-3.4-8.3-.2-8.3-.2s-.6-.7-.9-.9c-.4-.2-1.2-.2-1.2-.2s-4.4-3.6-11.5-2.6-10.4 7.9-10.4 7.9-.5-3.3-3.9-4.9c-4.8-2.4-7.4 0-7.4 0s2.4-4.1-1.9-6.4-6.2 1.2-6.2 1.2-.9-.5-2.1-.5-2.3 1.1-2.3 1.1.1-.7-1.1-1.1c-1.2-.4-2 0-2 0s3.6-6.8-3.5-8.9c-6-1.8-7.9 2.6-8.4 4-.1-.3-.4-.7-.9-1.1-1-.7-1.3-.5-1.3-.5s1-4-1.7-5.2c-2.7-1.2-4.2 1.1-4.2 1.1s-3.1-1-5.7 1.4-2.1 5.5-2.1 5.5-.9 0-2.1.7-1.4 1.7-1.4 1.7-1.7-1.2-4.3-1.2c-2.6 0-4.5 1.2-4.5 1.2s-.7-1.5-2.8-2.4c-2.1-.9-4 0-4 0s2.6-5.9-4.7-9c-7.3-3.1-12.6 3.3-12.6 3.3s-.9 0-1.9.2c-.9.2-1.5.9-1.5.9S99.4 3 94.9 3.9c-4.5.9-5.7 5.7-5.7 5.7s-2.8-5-12.3-3.9-11.1 6-11.1 6-1.2-1.4-4-.7c-.8.2-1.3.5-1.8.9-.9-2.1-2.7-4.9-6.2-4.4-3.2.4-4 2.2-4 2.2s-.5-.7-1.2-.7h-1.4s-.5-.9-1.7-1.4-2.4 0-2.4 0-2.4-1.2-4.7 0-3.1 4.1-3.1 4.1-1.7-1.4-3.6-.7c-1.9.7-1.9 2.8-1.9 2.8s-.5-.5-1.7-.2c-1.2.2-1.4.7-1.4.7s-.7-2.3-2.8-2.8c-2.1-.5-4.3.2-4.3.2s-1.7-5-11.1-6c-3.8-.4-6.6.2-8.5 1v21.2h283.5V11.1c-.9.2-1.6.4-1.6.4s-5.2-8-16.1-8z\"\/>\n<\/svg>\n\t\t<\/div>\n\t\t\t\t\t<div class=\"elementor-container elementor-column-gap-default\">\n\t\t\t\t\t<div class=\"elementor-column elementor-col-100 elementor-top-column elementor-element elementor-element-1fb3ba50\" data-id=\"1fb3ba50\" data-element_type=\"column\" data-settings=\"{&quot;background_background&quot;:&quot;classic&quot;}\">\n\t\t\t<div class=\"elementor-widget-wrap elementor-element-populated\">\n\t\t\t\t\t\t<div class=\"elementor-element elementor-element-1af28d45 elementor-widget elementor-widget-heading\" data-id=\"1af28d45\" data-element_type=\"widget\" data-widget_type=\"heading.default\">\n\t\t\t\t<div class=\"elementor-widget-container\">\n\t\t\t<style>\/*! elementor - v3.21.0 - 15-04-2024 *\/\n.elementor-heading-title{padding:0;margin:0;line-height:1}.elementor-widget-heading .elementor-heading-title[class*=elementor-size-]>a{color:inherit;font-size:inherit;line-height:inherit}.elementor-widget-heading .elementor-heading-title.elementor-size-small{font-size:15px}.elementor-widget-heading .elementor-heading-title.elementor-size-medium{font-size:19px}.elementor-widget-heading .elementor-heading-title.elementor-size-large{font-size:29px}.elementor-widget-heading .elementor-heading-title.elementor-size-xl{font-size:39px}.elementor-widget-heading .elementor-heading-title.elementor-size-xxl{font-size:59px}<\/style><h1 class=\"elementor-heading-title elementor-size-default\">Informiranje javnosti<\/h1>\t\t<\/div>\n\t\t\t\t<\/div>\n\t\t\t\t\t<\/div>\n\t\t<\/div>\n\t\t\t\t\t<\/div>\n\t\t<\/section>\n\t\t\t\t<section class=\"elementor-section elementor-top-section elementor-element elementor-element-377f66f5 elementor-section-boxed elementor-section-height-default elementor-section-height-default\" data-id=\"377f66f5\" data-element_type=\"section\">\n\t\t\t\t\t\t<div class=\"elementor-container elementor-column-gap-no\">\n\t\t\t\t\t<div class=\"elementor-column elementor-col-100 elementor-top-column elementor-element elementor-element-4162dec5\" data-id=\"4162dec5\" data-element_type=\"column\">\n\t\t\t<div class=\"elementor-widget-wrap elementor-element-populated\">\n\t\t\t\t\t\t<div class=\"elementor-element elementor-element-89437da elementor-widget-divider--view-line_icon elementor-view-default elementor-widget-divider--element-align-center elementor-widget elementor-widget-divider\" data-id=\"89437da\" data-element_type=\"widget\" data-widget_type=\"divider.default\">\n\t\t\t\t<div class=\"elementor-widget-container\">\n\t\t\t<style>\/*! elementor - v3.21.0 - 15-04-2024 *\/\n.elementor-widget-divider{--divider-border-style:none;--divider-border-width:1px;--divider-color:#0c0d0e;--divider-icon-size:20px;--divider-element-spacing:10px;--divider-pattern-height:24px;--divider-pattern-size:20px;--divider-pattern-url:none;--divider-pattern-repeat:repeat-x}.elementor-widget-divider .elementor-divider{display:flex}.elementor-widget-divider .elementor-divider__text{font-size:15px;line-height:1;max-width:95%}.elementor-widget-divider .elementor-divider__element{margin:0 var(--divider-element-spacing);flex-shrink:0}.elementor-widget-divider .elementor-icon{font-size:var(--divider-icon-size)}.elementor-widget-divider .elementor-divider-separator{display:flex;margin:0;direction:ltr}.elementor-widget-divider--view-line_icon .elementor-divider-separator,.elementor-widget-divider--view-line_text .elementor-divider-separator{align-items:center}.elementor-widget-divider--view-line_icon .elementor-divider-separator:after,.elementor-widget-divider--view-line_icon .elementor-divider-separator:before,.elementor-widget-divider--view-line_text .elementor-divider-separator:after,.elementor-widget-divider--view-line_text .elementor-divider-separator:before{display:block;content:\"\";border-block-end:0;flex-grow:1;border-block-start:var(--divider-border-width) var(--divider-border-style) var(--divider-color)}.elementor-widget-divider--element-align-left .elementor-divider .elementor-divider-separator>.elementor-divider__svg:first-of-type{flex-grow:0;flex-shrink:100}.elementor-widget-divider--element-align-left .elementor-divider-separator:before{content:none}.elementor-widget-divider--element-align-left .elementor-divider__element{margin-left:0}.elementor-widget-divider--element-align-right .elementor-divider .elementor-divider-separator>.elementor-divider__svg:last-of-type{flex-grow:0;flex-shrink:100}.elementor-widget-divider--element-align-right .elementor-divider-separator:after{content:none}.elementor-widget-divider--element-align-right .elementor-divider__element{margin-right:0}.elementor-widget-divider--element-align-start .elementor-divider .elementor-divider-separator>.elementor-divider__svg:first-of-type{flex-grow:0;flex-shrink:100}.elementor-widget-divider--element-align-start .elementor-divider-separator:before{content:none}.elementor-widget-divider--element-align-start .elementor-divider__element{margin-inline-start:0}.elementor-widget-divider--element-align-end .elementor-divider .elementor-divider-separator>.elementor-divider__svg:last-of-type{flex-grow:0;flex-shrink:100}.elementor-widget-divider--element-align-end .elementor-divider-separator:after{content:none}.elementor-widget-divider--element-align-end .elementor-divider__element{margin-inline-end:0}.elementor-widget-divider:not(.elementor-widget-divider--view-line_text):not(.elementor-widget-divider--view-line_icon) .elementor-divider-separator{border-block-start:var(--divider-border-width) var(--divider-border-style) var(--divider-color)}.elementor-widget-divider--separator-type-pattern{--divider-border-style:none}.elementor-widget-divider--separator-type-pattern.elementor-widget-divider--view-line .elementor-divider-separator,.elementor-widget-divider--separator-type-pattern:not(.elementor-widget-divider--view-line) .elementor-divider-separator:after,.elementor-widget-divider--separator-type-pattern:not(.elementor-widget-divider--view-line) .elementor-divider-separator:before,.elementor-widget-divider--separator-type-pattern:not([class*=elementor-widget-divider--view]) .elementor-divider-separator{width:100%;min-height:var(--divider-pattern-height);-webkit-mask-size:var(--divider-pattern-size) 100%;mask-size:var(--divider-pattern-size) 100%;-webkit-mask-repeat:var(--divider-pattern-repeat);mask-repeat:var(--divider-pattern-repeat);background-color:var(--divider-color);-webkit-mask-image:var(--divider-pattern-url);mask-image:var(--divider-pattern-url)}.elementor-widget-divider--no-spacing{--divider-pattern-size:auto}.elementor-widget-divider--bg-round{--divider-pattern-repeat:round}.rtl .elementor-widget-divider .elementor-divider__text{direction:rtl}.e-con-inner>.elementor-widget-divider,.e-con>.elementor-widget-divider{width:var(--container-widget-width,100%);--flex-grow:var(--container-widget-flex-grow)}<\/style>\t\t<div class=\"elementor-divider\">\n\t\t\t<span class=\"elementor-divider-separator\">\n\t\t\t\t\t\t\t<div class=\"elementor-icon elementor-divider__element\">\n\t\t\t\t\t<svg aria-hidden=\"true\" class=\"e-font-icon-svg e-fas-ellipsis-h\" viewBox=\"0 0 512 512\" xmlns=\"http:\/\/www.w3.org\/2000\/svg\"><path d=\"M328 256c0 39.8-32.2 72-72 72s-72-32.2-72-72 32.2-72 72-72 72 32.2 72 72zm104-72c-39.8 0-72 32.2-72 72s32.2 72 72 72 72-32.2 72-72-32.2-72-72-72zm-352 0c-39.8 0-72 32.2-72 72s32.2 72 72 72 72-32.2 72-72-32.2-72-72-72z\"><\/path><\/svg><\/div>\n\t\t\t\t\t\t<\/span>\n\t\t<\/div>\n\t\t\t\t<\/div>\n\t\t\t\t<\/div>\n\t\t\t\t\t<\/div>\n\t\t<\/div>\n\t\t\t\t\t<\/div>\n\t\t<\/section>\n\t\t<div class=\"elementor-element elementor-element-b3b13e6 e-flex e-con-boxed e-con e-parent\" data-id=\"b3b13e6\" data-element_type=\"container\">\n\t\t\t\t\t<div class=\"e-con-inner\">\n\t\t\t\t<div class=\"elementor-element elementor-element-9b8612a elementor-widget elementor-widget-text-editor\" data-id=\"9b8612a\" data-element_type=\"widget\" data-widget_type=\"text-editor.default\">\n\t\t\t\t<div class=\"elementor-widget-container\">\n\t\t\t<style>\/*! elementor - v3.21.0 - 15-04-2024 *\/\n.elementor-widget-text-editor.elementor-drop-cap-view-stacked .elementor-drop-cap{background-color:#69727d;color:#fff}.elementor-widget-text-editor.elementor-drop-cap-view-framed .elementor-drop-cap{color:#69727d;border:3px solid;background-color:transparent}.elementor-widget-text-editor:not(.elementor-drop-cap-view-default) .elementor-drop-cap{margin-top:8px}.elementor-widget-text-editor:not(.elementor-drop-cap-view-default) .elementor-drop-cap-letter{width:1em;height:1em}.elementor-widget-text-editor .elementor-drop-cap{float:left;text-align:center;line-height:1;font-size:50px}.elementor-widget-text-editor .elementor-drop-cap-letter{display:inline-block}<\/style>\t\t\t\t<p><strong>Pravo na pristup informacijama i ponovnu uporabu informacija<\/strong><\/p><p>Temeljem \u010dlanka 3. Zakona o pravu na pristup informacijama (\u201cNarodne novine\u201d broj 25\/13, 85\/15, 69\/22) ure\u0111eno je pravo na pristup informacijama fizi\u010dkim i pravnim osobama putem otvorenosti i javnosti djelovanja javne vlasti.<\/p><p>Pravo na pristup informacijama i ponovnu uporabu informacija obuhva\u0107a pravo korisnika na tra\u017eenje i dobivanje informacije kao i obvezu tijela javne vlasti da omogu\u0107i pristup zatra\u017eenoj informaciji, odnosno da objavljuje informacije neovisno o postavljenom zahtjevu kada takvo objavljivanje proizlazi iz obveze odre\u0111ene zakonom ili drugim propisom.<\/p><p>Pravo na pristup informacijama i ponovnu uporabu informacija ure\u0111eno je i ostvaruje se u skladu sa Zakonom o pravu na pristup informacijama (\u201cNarodne novine\u201d broj 25\/13, 85\/15, 69\/22). Zakonom se propisuju na\u010dela prava na pristup informacijama i ponovnu uporabu informacija, postupak za ostvarivanje i za\u0161titu prava na pristup informacijama i ponovnu uporabu informacija.<\/p><p><strong>\u00a0<\/strong><\/p><p><strong>Slu\u017ebenik za informiranje<\/strong><\/p><p>Dje\u010dji vrti\u0107 Ti\u0107i Vrsar javnost informira putem slu\u017ebene web stranice dokumentima i informacijama koje posjeduje i koji su javno dostupni u elektroni\u010dkom obliku i mogu\u0107e im je pristupiti bez upu\u0107ivanja posebnog zahtjeva, a pristup svim ostalim informacijama i dokumentima ostvaruje se podno\u0161enjem usmenog ili pisanog zahtjeva.<\/p><p>Pravo na pravo pristup informacijama i ponovnu uporabu informacija ostvaruje se podno\u0161enjem zahtjeva\u00a0<a href=\"https:\/\/vrtic-tici-vrsar.hr\/arhiva\/files\/Odluka_o_imenovanju_slubenika_za_informiranje.pdf\">Slu\u017ebeniku za informiranje\u00a0<\/a>Dje\u010djeg vrti\u0107a Ti\u0107i Vrsar na slijede\u0107e mogu\u0107e na\u010dine<\/p><ul><li>putem elektroni\u010dke po\u0161te slu\u017ebenika za informiranje\u00a0<span id=\"cloaka4de12bb37fa953406ab3a225399335f\"><a href=\"mailto:sandi.cuka@vrsar.hr\">medicinska.sestra@vrtic-tici-vrsar.hr<\/a><\/span>,<\/li><li>po\u0161tom na adresu Dje\u010djeg vrti\u0107a Ti\u0107i Vrsar, Aldo Negri 46, Vrsar-Orsera,<\/li><li>osobno na adresu Dje\u010djeg vrti\u0107a Ti\u0107i Vrsar, Aldo Negri 46, Vrsar-Orsera, u uredovno radno vrijeme<\/li><\/ul><p>Slu\u017ebenik za informiranje:<\/p><p>Andreja Radolovi\u0107<br \/>Dje\u010dji vrti\u0107 Ti\u0107i Vrsar,Aldo Negri 46, Vrsar-Orsera<\/p><p>Tel: +385 (0)52 441 506<\/p><p>E mail slu\u017ebenika za informiranje:\u00a0<span id=\"cloak6d9994da810de2c483c71fd31d1ffeef\"><a href=\"mailto:sandi.cuka@vrsar.hr\">medicinska.sestra@vrtic-tici-vrsar.hr<\/a><\/span><br \/>Vi\u0161e o pravu na pristup informacijama:\u00a0<a href=\"https:\/\/pristupinfo.hr\/o-povjereniku-za-informiranje\/pristup-informacijama-povjerenika-za-informiranje\/\" target=\"_blank\" rel=\"noopener\">http:\/\/www.pristupinfo.hr\/<\/a><\/p><p><a href=\"https:\/\/pristupinfo.hr\/pravni-okvir\/upute-smjernice-obrasci\/\">Povjerenik za informiranje \u2013 upute, smjernice, obrasci<\/a><\/p><p><a href=\"https:\/\/narodne-novine.nn.hr\/clanci\/sluzbeni\/2014_01_12_231.html\">Kriteriji za odre\u0111ivanje visine naknade stvarnih materijalnih tro\u0161kova i tro\u0161kova dostave informacije (NN 12\/2014)<\/a><\/p><p><a href=\"https:\/\/narodne-novine.nn.hr\/clanci\/sluzbeni\/2014_02_15_316.html\">Ispravak Kriterija za odre\u0111ivanje visine naknade stvarnih materijalnih tro\u0161kova i tro\u0161kova dostave informacije (za odre\u0111ivanje visine naknade stvarnih materijalnih tro\u0161kova i tro\u0161kova dostave informacije (NN 15\/2014)<\/a><\/p><p><a href=\"https:\/\/www.zakon.hr\/z\/126\/Zakon-o-pravu-na-pristup-informacijama\">Zakon o pravu na pristup informacijama (NN 25\/2013)<\/a><\/p><p>Izvje\u0161\u0107a:<\/p><ul><li><a href=\"https:\/\/vrtic-tici-vrsar.hr\/2024\/wp-content\/uploads\/2026\/01\/Godisnje_izvjesce.pdf\">Izvje\u0161\u0107e o provedbi Zakona o pravu na pristup informacijama za 2025. godinu<\/a><a href=\"https:\/\/vrtic-tici-vrsar.hr\/2024\/wp-content\/uploads\/2026\/01\/Godisnje_izvjesce.pdf\"><img decoding=\"async\" class=\"\" src=\"https:\/\/vrtic-tici-vrsar.hr\/arhiva\/images\/pdf.png\" width=\"26\" height=\"26\" \/>.<\/a> pdf\u00a0 \u00a0 <a href=\"https:\/\/vrtic-tici-vrsar.hr\/2024\/wp-content\/uploads\/2026\/01\/izvjesce-2025.csv\"><img decoding=\"async\" class=\"alignnone\" src=\"https:\/\/vrtic-tici-vrsar.hr\/arhiva\/images\/excel.png\" alt=\"\" width=\"23\" height=\"23\" \/><\/a> .csv<\/li><\/ul><ul><li><a href=\"https:\/\/vrtic-tici-vrsar.hr\/2024\/wp-content\/uploads\/2025\/01\/Godisnje_izvjesce-1.pdf\">Izvje\u0161\u0107e o provedbi Zakona o pravu na pristup informacijama za 2024. godinu<\/a><a href=\"https:\/\/vrtic-tici-vrsar.hr\/2024\/wp-content\/uploads\/2025\/01\/Godisnje_izvjesce-1.pdf\"><img decoding=\"async\" class=\"alignnone\" src=\"https:\/\/vrtic-tici-vrsar.hr\/arhiva\/images\/pdf.png\" alt=\"\" width=\"23\" height=\"23\" \/><\/a>\u00a0.pdf\u00a0 \u00a0 \u00a0<a href=\"https:\/\/vrtic-tici-vrsar.hr\/2024\/wp-content\/uploads\/2025\/01\/izvjesce-3.csv\"><img decoding=\"async\" class=\"alignnone\" src=\"https:\/\/vrtic-tici-vrsar.hr\/arhiva\/images\/excel.png\" alt=\"\" width=\"23\" height=\"23\" \/><\/a>\u00a0.csv<\/li><li><a href=\"https:\/\/vrtic-tici-vrsar.hr\/arhiva\/files\/Godisnje_izvjesce_2024.pdf\">Izvje\u0161\u0107e o provedbi Zakona o pravu na pristup informacijama za 2023. godinu<\/a><a href=\"https:\/\/vrtic-tici-vrsar.hr\/arhiva\/files\/Godisnje_izvjesce_2024.pdf\"><img decoding=\"async\" class=\"alignnone\" src=\"https:\/\/vrtic-tici-vrsar.hr\/arhiva\/images\/pdf.png\" alt=\"\" width=\"23\" height=\"23\" \/><\/a>\u00a0.pdf\u00a0 \u00a0 \u00a0<a href=\"https:\/\/vrtic-tici-vrsar.hr\/arhiva\/files\/izvjesce_2024.csv\"><img decoding=\"async\" class=\"alignnone\" src=\"https:\/\/vrtic-tici-vrsar.hr\/arhiva\/images\/excel.png\" alt=\"\" width=\"23\" height=\"23\" \/><\/a>\u00a0.csv<\/li><li><a href=\"https:\/\/vrtic-tici-vrsar.hr\/arhiva\/files\/Godisnje_izvjesce_ZPPI_2022.pdf\">Izvje\u0161\u0107e o provedbi Zakona o pravu na pristup informacijama za 2022. godinu<\/a><a href=\"https:\/\/vrtic-tici-vrsar.hr\/arhiva\/files\/Godisnje_izvjesce_ZPPI_2022.pdf\"><img loading=\"lazy\" decoding=\"async\" class=\"\" src=\"https:\/\/vrtic-tici-vrsar.hr\/arhiva\/images\/pdf.png\" alt=\"\" width=\"23\" height=\"23\" \/><\/a>\u00a0.pdf\u00a0 \u00a0 \u00a0<a href=\"https:\/\/vrtic-tici-vrsar.hr\/arhiva\/files\/Godinje_izvjesce_ZPPI_2022.csv\"><img loading=\"lazy\" decoding=\"async\" class=\"\" src=\"https:\/\/vrtic-tici-vrsar.hr\/arhiva\/images\/excel.png\" alt=\"\" width=\"23\" height=\"23\" \/><\/a>\u00a0.csv<\/li><li>I<a href=\"https:\/\/vrtic-tici-vrsar.hr\/arhiva\/files\/Godisnje_izvjesce_PPI_2021.pdf\">zvje\u0161\u0107e o provedbi Zakona o pravu na pristup informacijama za 2021. godinu<\/a><a href=\"https:\/\/vrtic-tici-vrsar.hr\/arhiva\/files\/Godisnje_izvjesce_PPI_2021.pdf\"><img loading=\"lazy\" decoding=\"async\" class=\"\" src=\"https:\/\/vrtic-tici-vrsar.hr\/arhiva\/images\/pdf.png\" alt=\"\" width=\"23\" height=\"23\" \/><\/a>\u00a0.pdf\u00a0 \u00a0 \u00a0<a href=\"https:\/\/vrtic-tici-vrsar.hr\/arhiva\/files\/izvjesce.csv\"><img loading=\"lazy\" decoding=\"async\" class=\"\" src=\"https:\/\/vrtic-tici-vrsar.hr\/arhiva\/images\/excel.png\" alt=\"\" width=\"23\" height=\"23\" \/><\/a>\u00a0.csv<\/li><li><a href=\"https:\/\/vrtic-tici-vrsar.hr\/arhiva\/files\/Godisnje_izvjesce_ZPPI_2020.pdf\" target=\"_blank\" rel=\"noopener\">Izvje\u0161\u0107e o provedbi Zakona o pravu na pristup informacijama za 2020. godinu<\/a><a href=\"https:\/\/vrtic-tici-vrsar.hr\/arhiva\/files\/Godisnje_izvjesce_ZPPI_2020.pdf\"><img loading=\"lazy\" decoding=\"async\" class=\"\" src=\"https:\/\/vrtic-tici-vrsar.hr\/arhiva\/images\/pdf.png\" alt=\"\" width=\"23\" height=\"23\" \/><\/a>\u00a0.pdf\u00a0 \u00a0 \u00a0<a href=\"https:\/\/vrtic-tici-vrsar.hr\/arhiva\/files\/Godisnje_izvjesce_ZPPI_2020.csv\"><img loading=\"lazy\" decoding=\"async\" class=\"\" src=\"https:\/\/vrtic-tici-vrsar.hr\/arhiva\/images\/excel.png\" alt=\"\" width=\"23\" height=\"23\" \/><\/a>\u00a0.csv<\/li><li><a href=\"https:\/\/vrtic-tici-vrsar.hr\/arhiva\/files\/Godisnje_izvjesce_2019.pdf\" target=\"_blank\" rel=\"noopener\">Izvje\u0161\u0107e o provedbi Zakona o pravu na pristup informacijama za 2019. godinu<\/a><a href=\"https:\/\/vrtic-tici-vrsar.hr\/arhiva\/files\/Godisnje_izvjesce_2019.pdf\"><img loading=\"lazy\" decoding=\"async\" class=\"\" src=\"https:\/\/vrtic-tici-vrsar.hr\/arhiva\/images\/pdf.png\" alt=\"\" width=\"23\" height=\"23\" \/><\/a>\u00a0.pdf\u00a0 \u00a0 \u00a0<a href=\"https:\/\/vrtic-tici-vrsar.hr\/arhiva\/files\/Godisnje_izvjesce_2019.csv\"><img loading=\"lazy\" decoding=\"async\" class=\"\" src=\"https:\/\/vrtic-tici-vrsar.hr\/arhiva\/images\/excel.png\" alt=\"\" width=\"23\" height=\"23\" \/><\/a>\u00a0.csv<\/li><li><a href=\"https:\/\/vrtic-tici-vrsar.hr\/arhiva\/files\/Godisnje_izvjesce_PPI_2018.pdf\" target=\"_blank\" rel=\"noopener\">Izvje\u0161\u0107e o provedbi Zakona o pravu na pristup informacijama za 2018. godinu<\/a><a href=\"https:\/\/vrtic-tici-vrsar.hr\/arhiva\/files\/Godisnje_izvjesce_PPI_2018.pdf\"><img loading=\"lazy\" decoding=\"async\" class=\"\" src=\"https:\/\/vrtic-tici-vrsar.hr\/arhiva\/images\/pdf.png\" alt=\"\" width=\"23\" height=\"23\" \/><\/a>\u00a0.pdf\u00a0 \u00a0 \u00a0<a href=\"https:\/\/vrtic-tici-vrsar.hr\/arhiva\/files\/Godisnje_izvjesce_PPI_2018.csv\"><img loading=\"lazy\" decoding=\"async\" class=\"\" src=\"https:\/\/vrtic-tici-vrsar.hr\/arhiva\/images\/excel.png\" alt=\"\" width=\"23\" height=\"23\" \/><\/a>\u00a0.csv<\/li><li><a href=\"https:\/\/vrtic-tici-vrsar.hr\/arhiva\/files\/Godisnje_izvjesce_PPI_2017.pdf\" target=\"_blank\" rel=\"noopener\">Izvje\u0161\u0107e o provedbi Zakona o pravu na pristup informacijama za 2017. godinu<\/a><a href=\"https:\/\/vrtic-tici-vrsar.hr\/arhiva\/files\/Godisnje_izvjesce_PPI_2017.pdf\"><img loading=\"lazy\" decoding=\"async\" class=\"\" src=\"https:\/\/vrtic-tici-vrsar.hr\/arhiva\/images\/pdf.png\" alt=\"\" width=\"23\" height=\"23\" \/><\/a>\u00a0.pdf\u00a0 \u00a0 \u00a0<a href=\"https:\/\/vrtic-tici-vrsar.hr\/arhiva\/files\/Godisnje_izvjesce_PPI_2017.csv\"><img loading=\"lazy\" decoding=\"async\" class=\"\" src=\"https:\/\/vrtic-tici-vrsar.hr\/arhiva\/images\/excel.png\" alt=\"\" width=\"23\" height=\"23\" \/><\/a>\u00a0.csv<\/li><li><a href=\"https:\/\/vrtic-tici-vrsar.hr\/arhiva\/files\/Godisnje_izvjesce_ppi.pdf\" target=\"_blank\" rel=\"noopener\">Izvje\u0161\u0107e o provedbi Zakona o pravu na pristup informacijama za 2016. godinu<\/a><\/li><li><a href=\"https:\/\/vrtic-tici-vrsar.hr\/arhiva\/files\/Izvjesce_o_provedbi_Zakona_o_pravu_na_pristup_informacija_za_2015__godinu.pdf\" target=\"_blank\" rel=\"noopener\">Izvjesce o provedbi Zakona o pravu na pristup informacija za 2015. godinu<\/a><\/li><\/ul>\t\t\t\t\t\t<\/div>\n\t\t\t\t<\/div>\n\t\t\t\t\t<\/div>\n\t\t\t\t<\/div>\n\t\t\t\t<\/div>\n\t\t","protected":false},"excerpt":{"rendered":"<p>Informiranje javnosti Pravo na pristup informacijama i ponovnu uporabu informacija Temeljem \u010dlanka 3. Zakona o pravu na pristup informacijama (\u201cNarodne novine\u201d broj 25\/13, 85\/15, 69\/22) ure\u0111eno je pravo na pristup informacijama fizi\u010dkim i pravnim osobama putem otvorenosti i javnosti djelovanja javne vlasti. Pravo na pristup informacijama i ponovnu uporabu informacija obuhva\u0107a pravo korisnika na tra\u017eenje [&hellip;]<\/p>\n","protected":false},"author":3,"featured_media":0,"parent":0,"menu_order":0,"comment_status":"closed","ping_status":"closed","template":"elementor_header_footer","meta":{"iawp_total_views":75,"footnotes":""},"class_list":["post-3166","page","type-page","status-publish","hentry"],"_links":{"self":[{"href":"https:\/\/vrtic-tici-vrsar.hr\/2024\/wp-json\/wp\/v2\/pages\/3166","targetHints":{"allow":["GET"]}}],"collection":[{"href":"https:\/\/vrtic-tici-vrsar.hr\/2024\/wp-json\/wp\/v2\/pages"}],"about":[{"href":"https:\/\/vrtic-tici-vrsar.hr\/2024\/wp-json\/wp\/v2\/types\/page"}],"author":[{"embeddable":true,"href":"https:\/\/vrtic-tici-vrsar.hr\/2024\/wp-json\/wp\/v2\/users\/3"}],"replies":[{"embeddable":true,"href":"https:\/\/vrtic-tici-vrsar.hr\/2024\/wp-json\/wp\/v2\/comments?post=3166"}],"version-history":[{"count":37,"href":"https:\/\/vrtic-tici-vrsar.hr\/2024\/wp-json\/wp\/v2\/pages\/3166\/revisions"}],"predecessor-version":[{"id":10647,"href":"https:\/\/vrtic-tici-vrsar.hr\/2024\/wp-json\/wp\/v2\/pages\/3166\/revisions\/10647"}],"wp:attachment":[{"href":"https:\/\/vrtic-tici-vrsar.hr\/2024\/wp-json\/wp\/v2\/media?parent=3166"}],"curies":[{"name":"wp","href":"https:\/\/api.w.org\/{rel}","templated":true}]}}